{"id":497,"date":"2023-11-05T00:33:36","date_gmt":"2023-11-04T23:33:36","guid":{"rendered":"http:\/\/wp.velolocal.berlin\/?page_id=497"},"modified":"2025-11-04T17:10:36","modified_gmt":"2025-11-04T16:10:36","slug":"impressum-datenschutz","status":"publish","type":"page","link":"https:\/\/velolocal.berlin\/en\/impressum-datenschutz\/","title":{"rendered":"Impressum &#038; Datenschutz"},"content":{"rendered":"<div class=\"wp-block-cover alignfull\" style=\"min-height:450px;aspect-ratio:unset;\"><span aria-hidden=\"true\" class=\"wp-block-cover__background has-neve-link-color-background-color has-background-dim-30 has-background-dim\"><\/span><img loading=\"lazy\" decoding=\"async\" width=\"1709\" height=\"2560\" class=\"wp-block-cover__image-background wp-image-544\" alt=\"Fernando-Meloni-Unsplash\" src=\"https:\/\/velolocal.berlin\/wp-content\/uploads\/2023\/11\/Fernando-Meloni-Unsplash-scaled.jpg\" data-object-fit=\"cover\" srcset=\"https:\/\/velolocal.berlin\/wp-content\/uploads\/2023\/11\/Fernando-Meloni-Unsplash-scaled.jpg 1709w, https:\/\/velolocal.berlin\/wp-content\/uploads\/2023\/11\/Fernando-Meloni-Unsplash-200x300.jpg 200w, https:\/\/velolocal.berlin\/wp-content\/uploads\/2023\/11\/Fernando-Meloni-Unsplash-684x1024.jpg 684w, https:\/\/velolocal.berlin\/wp-content\/uploads\/2023\/11\/Fernando-Meloni-Unsplash-768x1150.jpg 768w, https:\/\/velolocal.berlin\/wp-content\/uploads\/2023\/11\/Fernando-Meloni-Unsplash-1025x1536.jpg 1025w, https:\/\/velolocal.berlin\/wp-content\/uploads\/2023\/11\/Fernando-Meloni-Unsplash-1367x2048.jpg 1367w\" sizes=\"auto, (max-width: 1709px) 100vw, 1709px\" \/><div class=\"wp-block-cover__inner-container is-layout-constrained wp-block-cover-is-layout-constrained\">\n<h1 class=\"wp-block-heading has-text-align-center has-nv-site-bg-color has-text-color\">Imprint &amp; Privacy<\/h1>\n<\/div><\/div>\n\n\n\n<div style=\"height:60px\" aria-hidden=\"true\" class=\"wp-block-spacer\"><\/div>\n\n\n\n<p>Responsible for velolocal.berlin within the meaning of \u00a7 5 of the German Telemedia Act (TMG) and \u00a7 55 of the Interstate Broadcasting Treaty (RfStV) is:<\/p>\n\n\n\n<h2 class=\"wp-block-heading has-neve-link-color-color has-text-color\">Velo.local GmbH<\/h2>\n\n\n\n<p><strong>Tino Kramer<\/strong><br>Holtzendorffstr. 11<br>14057 Berlin<\/p>\n\n\n\n<p>E-mail: info@velolocal.berlin<br>Webseite: www.velolocal.berlin<\/p>\n\n\n\n<p><strong>Register court:<\/strong> Amtsgericht Berlin Charlottenburg<br><strong>Tax ID number:<\/strong> 27\/569\/50734, Finanzamt Berlin-Charlottenburg<br><strong>Sales tax identification number in accordance with Section 27a of the Sales Tax Act:<\/strong> DE 352 691 671<\/p>\n\n\n\n<h3 class=\"wp-block-heading has-neve-link-color-color has-text-color\">Legal information &amp; privacy policy<\/h3>\n\n\n\n<p>The operator (velo.local GmbH - berlin) of these pages takes the protection of your personal data very seriously. We treat your personal data confidentially and in accordance with the statutory data protection regulations and this privacy policy. It is generally possible to use our website without providing personal data. If personal data (e.g. name, address or e-mail address) is collected on our website, this is always done on a voluntary basis as far as possible. This data will not be passed on to third parties without your express consent. We would like to point out that data transmission over the Internet (e.g. when communicating by e-mail) may be subject to security vulnerabilities. Complete protection of data against access by third parties is not possible.<\/p>\n\n\n\n<h3 class=\"wp-block-heading has-neve-link-color-color has-text-color\">References and links<\/h3>\n\n\n\n<p>This website contains references and links to other third-party websites. These are outside the area of responsibility of www.velolocal.berlin. Access to and use of such websites is at the user's own risk. The cantonal authorities expressly declare that they have no influence whatsoever on the design, content and offers of the linked pages.<\/p>\n\n\n\n<h3 class=\"wp-block-heading has-neve-link-color-color has-text-color\">Contact form<\/h3>\n\n\n\n<p>If you send us inquiries via the contact form, your details from the inquiry form, including the contact details you provide there, will be stored by us for the purpose of processing the inquiry and in the event of follow-up questions. We will not pass on this data without your consent.<\/p>\n\n\n\n<h3 class=\"wp-block-heading has-neve-link-color-color has-text-color\">Cookies<\/h3>\n\n\n\n<p>Some of the Internet pages use so-called cookies. Cookies do not damage your computer and do not contain viruses. Cookies are used to make our website more user-friendly, effective and secure. Cookies are small text files that are stored on your computer and saved by your browser. Most of the cookies we use are so-called \"session cookies\". They are automatically deleted at the end of your visit. Other cookies remain stored on your end device until you delete them. These cookies enable us to recognize your browser on your next visit. You can set your browser so that you are informed about the setting of cookies and only allow cookies in individual cases, exclude the acceptance of cookies for certain cases or in general and activate the automatic deletion of cookies when closing the browser. If cookies are deactivated, the functionality of this website may be restricted.<\/p>\n\n\n\n<h3 class=\"wp-block-heading has-neve-link-color-color has-text-color\">Privacy policy Google Analytics declaration<\/h3>\n\n\n\n<p>This website uses Google Analytics, a web analysis service of Google Inc (\"Google\"). Google Analytics uses \"cookies\", which are text files placed on your computer, to help the website analyze how users use the site. The information generated by the cookie about your use of this website is usually transferred to a Google server in the USA and stored there. However, if IP anonymization is activated on this website, your IP address will first be truncated by Google within member states of the European Union or in other states party to the Agreement on the European Economic Area. Only in exceptional cases will the full IP address be transmitted to a Google server in the USA and truncated there. Google will use this information on behalf of the operator of this website for the purpose of evaluating your use of the website, compiling reports on website activity and providing other services relating to website activity and internet usage to the website operator. The IP address transmitted by your browser as part of Google Analytics will not be merged with other Google data. You may refuse the use of cookies by selecting the appropriate settings on your browser, however please note that if you do this you may not be able to use the full functionality of this website.<\/p>\n\n\n\n<p>Further information on terms of use and data protection can be found at http:\/\/www.google.com\/analytics\/terms\/de.html or at https:\/\/www.google.de\/intl\/de\/policies\/. Please note that on this website Google Analytics has been extended by the code \"anonymizeIp\" in order to ensure an anonymized collection of IP addresses (so-called IP masking).<\/p>\n\n\n\n<h3 class=\"wp-block-heading has-neve-link-color-color has-text-color\">Right to information, deletion, blocking<\/h3>\n\n\n\n<p>Sie haben jederzeit das Recht auf unentgeltliche Auskunft \u00fcber Ihre gespeicherten personen- bezogenen Daten, deren Herkunft und Empf\u00e4nger und den Zweck der Datenverarbeitung sowie ein Recht auf Berichtigung, Sperrung oder L\u00f6schung dieser Daten. Hierzu sowie zu weiteren Fragen zum Thema personenbezogene Daten k\u00f6nnen Sie sich jederzeit unter der im Impressum angegebenen Adresse an uns wenden.<\/p>\n\n\n\n<h3 class=\"wp-block-heading has-neve-link-color-color has-text-color\">Icons<\/h3>\n\n\n\n<a href=\"https:\/\/www.flaticon.com\/de\/kostenlose-animierte-icons\/instandhaltung\" title=\"instandhaltung animierte Icons\">Maintenance animated icons<\/a>\n\n\n\n<div style=\"height:40px\" aria-hidden=\"true\" class=\"wp-block-spacer\"><\/div>","protected":false},"excerpt":{"rendered":"<p>Verantwortlich im Sinne von \u00a7 5 des Telemediengesetzes (TMG) und \u00a7 55 des Rundfunkstaatsvertrages (RfStV) f\u00fcr velolocal.berlin ist: Velo.local GmbH Tino KramerHoltzendorffstr. 1114057 Berlin E-mail: info@velolocal.berlinWebseite: www.velolocal.berlin Registergericht: Amtsgericht Berlin CharlottenburgSteuernummer: 27\/569\/50734, Finanzamt Berlin-CharlottenburgUmsatzsteuer-Identifikationsnummer gem\u00e4\u00df \u00a7 27 a Umsatzsteuergesetz: DE 352 691 671 Rechtliche Hinweise &amp; Datenschutz Der Betreiber (velo.local GmbH &#8211; berlin) dieser Seiten&hellip;&nbsp;<a href=\"https:\/\/velolocal.berlin\/en\/impressum-datenschutz\/\" rel=\"bookmark\">Read More &raquo;<span class=\"screen-reader-text\">Impressum &#038; Datenschutz<\/span><\/a><\/p>","protected":false},"author":1,"featured_media":544,"parent":0,"menu_order":0,"comment_status":"closed","ping_status":"closed","template":"","meta":{"_seopress_robots_primary_cat":"","_seopress_titles_title":"Impressum & Datenschutz | velolocal.berlin","_seopress_titles_desc":"Velo.local Berlin halten sich f\u00fcr alle Webseiten und Aktivit\u00e4ten an die Datenschutzbestimmungen. Die Details findet Ihr hier im \u00dcberblick.","_seopress_robots_index":"yes","neve_meta_sidebar":"","neve_meta_container":"","neve_meta_enable_content_width":"","neve_meta_content_width":0,"neve_meta_title_alignment":"","neve_meta_author_avatar":"","neve_post_elements_order":"","neve_meta_disable_header":"","neve_meta_disable_footer":"","neve_meta_disable_title":"","footnotes":""},"class_list":["post-497","page","type-page","status-publish","has-post-thumbnail","hentry"],"_links":{"self":[{"href":"https:\/\/velolocal.berlin\/en\/wp-json\/wp\/v2\/pages\/497","targetHints":{"allow":["GET"]}}],"collection":[{"href":"https:\/\/velolocal.berlin\/en\/wp-json\/wp\/v2\/pages"}],"about":[{"href":"https:\/\/velolocal.berlin\/en\/wp-json\/wp\/v2\/types\/page"}],"author":[{"embeddable":true,"href":"https:\/\/velolocal.berlin\/en\/wp-json\/wp\/v2\/users\/1"}],"replies":[{"embeddable":true,"href":"https:\/\/velolocal.berlin\/en\/wp-json\/wp\/v2\/comments?post=497"}],"version-history":[{"count":13,"href":"https:\/\/velolocal.berlin\/en\/wp-json\/wp\/v2\/pages\/497\/revisions"}],"predecessor-version":[{"id":1034,"href":"https:\/\/velolocal.berlin\/en\/wp-json\/wp\/v2\/pages\/497\/revisions\/1034"}],"wp:featuredmedia":[{"embeddable":true,"href":"https:\/\/velolocal.berlin\/en\/wp-json\/wp\/v2\/media\/544"}],"wp:attachment":[{"href":"https:\/\/velolocal.berlin\/en\/wp-json\/wp\/v2\/media?parent=497"}],"curies":[{"name":"wp","href":"https:\/\/api.w.org\/{rel}","templated":true}]}}