{"id":432,"date":"2023-11-04T23:40:33","date_gmt":"2023-11-04T22:40:33","guid":{"rendered":"http:\/\/wp.velolocal.berlin\/?page_id=432"},"modified":"2026-04-23T18:28:28","modified_gmt":"2026-04-23T16:28:28","slug":"team","status":"publish","type":"page","link":"https:\/\/velolocal.berlin\/en\/team\/","title":{"rendered":"Story &#038; Team"},"content":{"rendered":"<div class=\"wp-block-cover alignfull\" style=\"min-height:450px;aspect-ratio:unset;\"><img loading=\"lazy\" decoding=\"async\" width=\"1080\" height=\"719\" class=\"wp-block-cover__image-background wp-image-756\" alt=\"Aussenansicht vom Velo.local Berlin\" src=\"https:\/\/velolocal.berlin\/wp-content\/uploads\/2023\/11\/79301946_190282708808860_8597496742762879501_n.jpg\" data-object-fit=\"cover\" srcset=\"https:\/\/velolocal.berlin\/wp-content\/uploads\/2023\/11\/79301946_190282708808860_8597496742762879501_n.jpg 1080w, https:\/\/velolocal.berlin\/wp-content\/uploads\/2023\/11\/79301946_190282708808860_8597496742762879501_n-300x200.jpg 300w, https:\/\/velolocal.berlin\/wp-content\/uploads\/2023\/11\/79301946_190282708808860_8597496742762879501_n-1024x682.jpg 1024w, https:\/\/velolocal.berlin\/wp-content\/uploads\/2023\/11\/79301946_190282708808860_8597496742762879501_n-768x511.jpg 768w, https:\/\/velolocal.berlin\/wp-content\/uploads\/2023\/11\/79301946_190282708808860_8597496742762879501_n-930x620.jpg 930w\" sizes=\"auto, (max-width: 1080px) 100vw, 1080px\" \/><span aria-hidden=\"true\" class=\"wp-block-cover__background has-neve-link-color-background-color has-background-dim-40 has-background-dim\"><\/span><div class=\"wp-block-cover__inner-container is-layout-constrained wp-block-cover-is-layout-constrained\">\n<h1 class=\"wp-block-heading has-text-align-center has-nv-site-bg-color has-text-color\" style=\"font-style:normal;font-weight:700\">Our story - our team<\/h1>\n<\/div><\/div>\n\n\n\n<div class=\"wp-block-group alignfull has-neve-link-hover-color-background-color has-background is-content-justification-center is-nowrap is-layout-flex wp-container-core-group-is-layout-94bc23d7 wp-block-group-is-layout-flex\">\n<p class=\"has-text-align-center has-nv-site-bg-color has-neve-link-hover-color-background-color has-text-color has-background\"><strong>Tuesday to Friday: 10 a.m. - 7 p.m. | Saturday: 10 a.m. - 2 p.m. | Monday: closed<\/strong><\/p>\n<\/div>\n\n\n\n<div style=\"height:60px\" aria-hidden=\"true\" class=\"wp-block-spacer\"><\/div>\n\n\n\n<h2 class=\"wp-block-heading has-text-align-center\"><mark style=\"background-color:rgba(0, 0, 0, 0)\" class=\"has-inline-color has-neve-link-color-color\">Our story<\/mark><\/h2>\n\n\n\n<div class=\"wp-block-columns is-layout-flex wp-container-core-columns-is-layout-9d6595d7 wp-block-columns-is-layout-flex\">\n<div class=\"wp-block-column is-layout-flow wp-block-column-is-layout-flow\">\n<p><strong>velo.local<\/strong> ist ein kleiner Fahrradwerkstattbetrieb in Berlin- Charlottenburg. Wir reparieren, inspizieren und optimieren  Fahrr\u00e4der (nahezu) jeder Art. Uns gibt es inzwischen seit Januar 2017, was dankenswerter Weise f\u00fcr eine gro\u00dfe Menge Stammkunden sorgt, welche unseren Service sehr zu sch\u00e4tzen wissen.<\/p>\n<\/div>\n\n\n\n<div class=\"wp-block-column is-layout-flow wp-block-column-is-layout-flow\">\n<p>Zus\u00e4tzlich sind wir Canyon-Servicepartner und \u00fcbernehmen damit Garantie- u. Gew\u00e4hrleistungsauftr\u00e4ge an topaktuellen Fahrr\u00e4dern der sportiven Koblenzer. Wir brennen f\u00fcr Fahrr\u00e4der und geben t\u00e4glich alles, was wir haben.<\/p>\n<\/div>\n<\/div>\n\n\n\n<h2 class=\"wp-block-heading has-text-align-center\"><mark style=\"background-color:rgba(0, 0, 0, 0)\" class=\"has-inline-color has-neve-link-color-color\">Our team<\/mark><\/h2>\n\n\n\n<div style=\"height:30px\" aria-hidden=\"true\" class=\"wp-block-spacer\"><\/div>\n\n\n\n<div class=\"wp-block-columns is-layout-flex wp-container-core-columns-is-layout-9d6595d7 wp-block-columns-is-layout-flex\">\n<div class=\"wp-block-column is-layout-flow wp-block-column-is-layout-flow\">\n<div class=\"wp-block-cover\"><img loading=\"lazy\" decoding=\"async\" width=\"768\" height=\"1024\" class=\"wp-block-cover__image-background wp-image-562\" alt=\"Tony - velolocal Inhaber\" src=\"https:\/\/velolocal.berlin\/wp-content\/uploads\/2023\/11\/1_32-768x1024.jpg\" style=\"object-position:50% 35%\" data-object-fit=\"cover\" data-object-position=\"50% 35%\" srcset=\"https:\/\/velolocal.berlin\/wp-content\/uploads\/2023\/11\/1_32-768x1024.jpg 768w, https:\/\/velolocal.berlin\/wp-content\/uploads\/2023\/11\/1_32-225x300.jpg 225w, https:\/\/velolocal.berlin\/wp-content\/uploads\/2023\/11\/1_32-1152x1536.jpg 1152w, https:\/\/velolocal.berlin\/wp-content\/uploads\/2023\/11\/1_32-1536x2048.jpg 1536w, https:\/\/velolocal.berlin\/wp-content\/uploads\/2023\/11\/1_32.jpg 1800w\" sizes=\"auto, (max-width: 768px) 100vw, 768px\" \/><span aria-hidden=\"true\" class=\"wp-block-cover__background has-neve-link-color-background-color has-background-dim-20 has-background-dim\"><\/span><div class=\"wp-block-cover__inner-container is-layout-flow wp-block-cover-is-layout-flow\">\n<p class=\"has-text-align-center has-large-font-size\"><\/p>\n<\/div><\/div>\n\n\n\n<div style=\"height:10px\" aria-hidden=\"true\" class=\"wp-block-spacer\"><\/div>\n\n\n\n<h3 class=\"wp-block-heading has-text-align-center has-neve-link-color-color has-text-color\">Tony<\/h3>\n\n\n\n<p>#langstrecke #hauptsachefahrrad #warumwarten<\/p>\n\n\n\n<hr class=\"wp-block-separator has-text-color has-neve-link-color-color has-alpha-channel-opacity has-neve-link-color-background-color has-background is-style-default\"\/>\n\n\n\n<p class=\"has-text-align-left\">Tony has always been at home on a bike and therefore, as the only logical consequence, has been firmly rooted in the bike industry for many years. As the founder of velo.local, he is basically our go-to guy. His love of bikes knows no monogamy, road bikes and gravel bikes are currently at the forefront, but mountain bikes always have a firm place in his heart.<\/p>\n<\/div>\n\n\n\n<div class=\"wp-block-column is-layout-flow wp-block-column-is-layout-flow\">\n<div class=\"wp-block-cover\"><img loading=\"lazy\" decoding=\"async\" width=\"768\" height=\"1024\" class=\"wp-block-cover__image-background wp-image-560\" alt=\"Rom\u00e1n - Mitarbeiter\" src=\"https:\/\/velolocal.berlin\/wp-content\/uploads\/2023\/11\/1_15-768x1024.jpg\" style=\"object-position:50% 35%\" data-object-fit=\"cover\" data-object-position=\"50% 35%\" srcset=\"https:\/\/velolocal.berlin\/wp-content\/uploads\/2023\/11\/1_15-768x1024.jpg 768w, https:\/\/velolocal.berlin\/wp-content\/uploads\/2023\/11\/1_15-225x300.jpg 225w, https:\/\/velolocal.berlin\/wp-content\/uploads\/2023\/11\/1_15-1152x1536.jpg 1152w, https:\/\/velolocal.berlin\/wp-content\/uploads\/2023\/11\/1_15-1536x2048.jpg 1536w, https:\/\/velolocal.berlin\/wp-content\/uploads\/2023\/11\/1_15.jpg 1800w\" sizes=\"auto, (max-width: 768px) 100vw, 768px\" \/><span aria-hidden=\"true\" class=\"wp-block-cover__background has-neve-link-color-background-color has-background-dim-20 has-background-dim\"><\/span><div class=\"wp-block-cover__inner-container is-layout-flow wp-block-cover-is-layout-flow\">\n<p class=\"has-text-align-center has-large-font-size\"><\/p>\n<\/div><\/div>\n\n\n\n<div style=\"height:10px\" aria-hidden=\"true\" class=\"wp-block-spacer\"><\/div>\n\n\n\n<h3 class=\"wp-block-heading has-text-align-center has-neve-link-color-color has-text-color\">Rom\u00e1n<\/h3>\n\n\n\n<p>#colaforlife #giant #goodvibesonly<\/p>\n\n\n\n<hr class=\"wp-block-separator has-text-color has-neve-link-color-color has-alpha-channel-opacity has-neve-link-color-background-color has-background is-style-default\"\/>\n\n\n\n<p class=\"has-text-align-left\">Rom\u00e1n hat immer ein L\u00e4cheln parat, auch wenn ihn das festgerostete Tretlager gerade schwitzen l\u00e4sst. Er ist ein Mechaniker wie er im Buche steht und k\u00fcmmert sich bei uns um alles, was die Fahrradwelt bereit h\u00e4lt. Zus\u00e4tzlich erkl\u00e4rt keiner die Lage so charmant wie er, sollte es mal wieder zu voll bei uns sein. Englisch und Spanisch hat er im \u00dcbrigen im Blut.<\/p>\n<\/div>\n<\/div>\n\n\n\n<div class=\"wp-block-columns is-layout-flex wp-container-core-columns-is-layout-9d6595d7 wp-block-columns-is-layout-flex\">\n<div class=\"wp-block-column is-layout-flow wp-block-column-is-layout-flow\">\n<div class=\"wp-block-cover\"><img loading=\"lazy\" decoding=\"async\" width=\"768\" height=\"1024\" class=\"wp-block-cover__image-background wp-image-991\" alt=\"Magdalena - Auszubildende\" src=\"https:\/\/velolocal.berlin\/wp-content\/uploads\/2024\/04\/1_14-768x1024.jpg\" style=\"object-position:48% 35%\" data-object-fit=\"cover\" data-object-position=\"48% 35%\" srcset=\"https:\/\/velolocal.berlin\/wp-content\/uploads\/2024\/04\/1_14-768x1024.jpg 768w, https:\/\/velolocal.berlin\/wp-content\/uploads\/2024\/04\/1_14-225x300.jpg 225w, https:\/\/velolocal.berlin\/wp-content\/uploads\/2024\/04\/1_14-1152x1536.jpg 1152w, https:\/\/velolocal.berlin\/wp-content\/uploads\/2024\/04\/1_14-1536x2048.jpg 1536w, https:\/\/velolocal.berlin\/wp-content\/uploads\/2024\/04\/1_14-9x12.jpg 9w, https:\/\/velolocal.berlin\/wp-content\/uploads\/2024\/04\/1_14.jpg 1800w\" sizes=\"auto, (max-width: 768px) 100vw, 768px\" \/><span aria-hidden=\"true\" class=\"wp-block-cover__background has-neve-link-color-background-color has-background-dim-20 has-background-dim\"><\/span><div class=\"wp-block-cover__inner-container is-layout-flow wp-block-cover-is-layout-flow\">\n<p class=\"has-text-align-center has-large-font-size\"><\/p>\n<\/div><\/div>\n\n\n\n<div style=\"height:10px\" aria-hidden=\"true\" class=\"wp-block-spacer\"><\/div>\n\n\n\n<h3 class=\"wp-block-heading has-text-align-center has-neve-link-color-color has-text-color\">Magdalena<\/h3>\n\n\n\n<p>#allesaufeinmal #fietsenfriet #fictures<\/p>\n\n\n\n<hr class=\"wp-block-separator has-text-color has-neve-link-color-color has-alpha-channel-opacity has-neve-link-color-background-color has-background is-style-default\"\/>\n\n\n\n<p class=\"has-text-align-left\">Magdalena kann sehr viel, zum Beispiel fliessend holl\u00e4ndisch sprechen. Was Ihr zur vollst\u00e4ndigen Velomechanikerin noch fehlt lernt sie bei uns, wir sind stolz Magdalena ausbilden zu d\u00fcrfen. Am Liebsten ist sie auf Ihrem Allroad-Renner unterwegs, damit geht eigentlich so ziemlich alles.<\/p>\n<\/div>\n\n\n\n<div class=\"wp-block-column is-layout-flow wp-block-column-is-layout-flow\">\n<div class=\"wp-block-cover\" style=\"padding-top:0;padding-bottom:0\"><img loading=\"lazy\" decoding=\"async\" width=\"2332\" height=\"2403\" class=\"wp-block-cover__image-background wp-image-1072 size-full\" alt=\"\" src=\"https:\/\/velolocal.berlin\/wp-content\/uploads\/2026\/04\/IMG_0150-1.jpeg\" style=\"object-position:52% 1%\" data-object-fit=\"cover\" data-object-position=\"52% 1%\" srcset=\"https:\/\/velolocal.berlin\/wp-content\/uploads\/2026\/04\/IMG_0150-1.jpeg 2332w, https:\/\/velolocal.berlin\/wp-content\/uploads\/2026\/04\/IMG_0150-1-291x300.jpeg 291w, https:\/\/velolocal.berlin\/wp-content\/uploads\/2026\/04\/IMG_0150-1-994x1024.jpeg 994w, https:\/\/velolocal.berlin\/wp-content\/uploads\/2026\/04\/IMG_0150-1-768x791.jpeg 768w, https:\/\/velolocal.berlin\/wp-content\/uploads\/2026\/04\/IMG_0150-1-1491x1536.jpeg 1491w, https:\/\/velolocal.berlin\/wp-content\/uploads\/2026\/04\/IMG_0150-1-1987x2048.jpeg 1987w, https:\/\/velolocal.berlin\/wp-content\/uploads\/2026\/04\/IMG_0150-1-12x12.jpeg 12w\" sizes=\"auto, (max-width: 2332px) 100vw, 2332px\" \/><span aria-hidden=\"true\" class=\"wp-block-cover__background has-neve-link-color-background-color has-background-dim-20 has-background-dim\"><\/span><div class=\"wp-block-cover__inner-container is-layout-flow wp-block-cover-is-layout-flow\">\n<p class=\"has-text-align-center has-large-font-size\"><\/p>\n<\/div><\/div>\n\n\n\n<div style=\"height:10px\" aria-hidden=\"true\" class=\"wp-block-spacer\"><\/div>\n\n\n\n<h3 class=\"wp-block-heading has-text-align-center has-neve-link-color-color has-text-color\">Johannes<\/h3>\n\n\n\n<p>#unkompliziert #punkrock #cyclistacyclistaantifascista<\/p>\n\n\n\n<hr class=\"wp-block-separator has-text-color has-neve-link-color-color has-alpha-channel-opacity has-neve-link-color-background-color has-background is-style-default\"\/>\n\n\n\n<p class=\"has-text-align-left\">Johannes ist neu bei uns im Team, frisch aus Franken in Berlin gelandet und ab sofort 4 x in der Woche bei uns. Als gelernter Zweiradmechaniker hat er bereits in 2 verschiedenen Radl\u00e4den und bei einem Fahrradhersteller gearbeitet und wei\u00df worauf es ankommt.<\/p>\n<\/div>\n<\/div>\n\n\n\n<div style=\"height:20px\" aria-hidden=\"true\" class=\"wp-block-spacer\"><\/div>","protected":false},"excerpt":{"rendered":"<p>Dienstag bis Freitag: 10 \u2013 19 Uhr | Samstag: 10 \u2013 14 Uhr | Montag: geschlossen Unsere Story velo.local ist ein kleiner Fahrradwerkstattbetrieb in Berlin- Charlottenburg. Wir reparieren, inspizieren und optimieren Fahrr\u00e4der (nahezu) jeder Art. Uns gibt es inzwischen seit Januar 2017, was dankenswerter Weise f\u00fcr eine gro\u00dfe Menge Stammkunden sorgt, welche unseren Service sehr&hellip;&nbsp;<a href=\"https:\/\/velolocal.berlin\/en\/team\/\" rel=\"bookmark\">Read More &raquo;<span class=\"screen-reader-text\">Story &#038; Team<\/span><\/a><\/p>","protected":false},"author":1,"featured_media":0,"parent":0,"menu_order":0,"comment_status":"closed","ping_status":"closed","template":"","meta":{"_seopress_robots_primary_cat":"","_seopress_titles_title":"Unser Team | velolocal.berlin","_seopress_titles_desc":"Unser Team bei Velo.local ist ein kleiner (aber feiner) Fahrradwerkstattbetrieb in Berlin Charlottenburg.","_seopress_robots_index":"","neve_meta_sidebar":"default","neve_meta_container":"default","neve_meta_enable_content_width":"","neve_meta_content_width":0,"neve_meta_title_alignment":"","neve_meta_author_avatar":"","neve_post_elements_order":"","neve_meta_disable_header":"","neve_meta_disable_footer":"","neve_meta_disable_title":"","footnotes":""},"class_list":["post-432","page","type-page","status-publish","hentry"],"_links":{"self":[{"href":"https:\/\/velolocal.berlin\/en\/wp-json\/wp\/v2\/pages\/432","targetHints":{"allow":["GET"]}}],"collection":[{"href":"https:\/\/velolocal.berlin\/en\/wp-json\/wp\/v2\/pages"}],"about":[{"href":"https:\/\/velolocal.berlin\/en\/wp-json\/wp\/v2\/types\/page"}],"author":[{"embeddable":true,"href":"https:\/\/velolocal.berlin\/en\/wp-json\/wp\/v2\/users\/1"}],"replies":[{"embeddable":true,"href":"https:\/\/velolocal.berlin\/en\/wp-json\/wp\/v2\/comments?post=432"}],"version-history":[{"count":82,"href":"https:\/\/velolocal.berlin\/en\/wp-json\/wp\/v2\/pages\/432\/revisions"}],"predecessor-version":[{"id":1076,"href":"https:\/\/velolocal.berlin\/en\/wp-json\/wp\/v2\/pages\/432\/revisions\/1076"}],"wp:attachment":[{"href":"https:\/\/velolocal.berlin\/en\/wp-json\/wp\/v2\/media?parent=432"}],"curies":[{"name":"wp","href":"https:\/\/api.w.org\/{rel}","templated":true}]}}